{"id":1599,"date":"2023-03-15T15:38:55","date_gmt":"2023-03-15T15:38:55","guid":{"rendered":"https:\/\/www.morfomercadeodigital.com\/morfo\/?page_id=1599"},"modified":"2023-05-08T19:49:16","modified_gmt":"2023-05-08T19:49:16","slug":"diseno-de-marca","status":"publish","type":"page","link":"https:\/\/www.morfomercadeodigital.com\/morfo\/diseno-de-marca\/","title":{"rendered":"Dise\u00f1o de marca"},"content":{"rendered":"\t\t<div data-elementor-type=\"wp-page\" data-elementor-id=\"1599\" class=\"elementor elementor-1599\">\n\t\t\t\t\t\t<section class=\"elementor-section elementor-top-section elementor-element elementor-element-14572b5 elementor-section-full_width elementor-section-height-default elementor-section-height-default\" data-id=\"14572b5\" data-element_type=\"section\" data-e-type=\"section\" data-settings=\"{&quot;background_background&quot;:&quot;classic&quot;}\">\n\t\t\t\t\t\t<div class=\"elementor-container elementor-column-gap-no\">\n\t\t\t\t\t<div class=\"elementor-column elementor-col-100 elementor-top-column elementor-element elementor-element-d4eec31\" data-id=\"d4eec31\" data-element_type=\"column\" data-e-type=\"column\">\n\t\t\t<div class=\"elementor-widget-wrap elementor-element-populated\">\n\t\t\t\t\t\t<div class=\"elementor-element elementor-element-579e8f2 elementor-widget elementor-widget-heading\" data-id=\"579e8f2\" data-element_type=\"widget\" data-e-type=\"widget\" data-widget_type=\"heading.default\">\n\t\t\t\t<div class=\"elementor-widget-container\">\n\t\t\t\t\t<h1 class=\"elementor-heading-title elementor-size-default\">Dise\u00f1o de marca<\/h1>\t\t\t\t<\/div>\n\t\t\t\t<\/div>\n\t\t\t\t<div class=\"elementor-element elementor-element-5610b00 elementor-widget elementor-widget-image\" data-id=\"5610b00\" data-element_type=\"widget\" data-e-type=\"widget\" data-widget_type=\"image.default\">\n\t\t\t\t<div class=\"elementor-widget-container\">\n\t\t\t\t\t\t\t\t\t\t\t\t\t\t\t<img fetchpriority=\"high\" decoding=\"async\" width=\"830\" height=\"500\" src=\"https:\/\/www.morfomercadeodigital.com\/wp-content\/uploads\/2023\/03\/Diseno-de-marca.png\" class=\"attachment-large size-large wp-image-1612\" alt=\"\" srcset=\"https:\/\/www.morfomercadeodigital.com\/wp-content\/uploads\/2023\/03\/Diseno-de-marca.png 830w, https:\/\/www.morfomercadeodigital.com\/wp-content\/uploads\/2023\/03\/Diseno-de-marca-300x181.png 300w, https:\/\/www.morfomercadeodigital.com\/wp-content\/uploads\/2023\/03\/Diseno-de-marca-768x463.png 768w\" sizes=\"(max-width: 830px) 100vw, 830px\" \/>\t\t\t\t\t\t\t\t\t\t\t\t\t\t\t<\/div>\n\t\t\t\t<\/div>\n\t\t\t\t\t<\/div>\n\t\t<\/div>\n\t\t\t\t\t<\/div>\n\t\t<\/section>\n\t\t\t\t<section class=\"elementor-section elementor-top-section elementor-element elementor-element-7a69b63 elementor-section-boxed elementor-section-height-default elementor-section-height-default\" data-id=\"7a69b63\" data-element_type=\"section\" data-e-type=\"section\">\n\t\t\t\t\t\t<div class=\"elementor-container elementor-column-gap-default\">\n\t\t\t\t\t<div class=\"elementor-column elementor-col-50 elementor-top-column elementor-element elementor-element-4fda00a\" data-id=\"4fda00a\" data-element_type=\"column\" data-e-type=\"column\">\n\t\t\t<div class=\"elementor-widget-wrap elementor-element-populated\">\n\t\t\t\t\t\t<div class=\"elementor-element elementor-element-671ad17 elementor-widget elementor-widget-heading\" data-id=\"671ad17\" data-element_type=\"widget\" data-e-type=\"widget\" data-widget_type=\"heading.default\">\n\t\t\t\t<div class=\"elementor-widget-container\">\n\t\t\t\t\t<h3 class=\"elementor-heading-title elementor-size-default\">Dise\u00f1o de marca<\/h3>\t\t\t\t<\/div>\n\t\t\t\t<\/div>\n\t\t\t\t<div class=\"elementor-element elementor-element-1426152 elementor-widget elementor-widget-heading\" data-id=\"1426152\" data-element_type=\"widget\" data-e-type=\"widget\" data-widget_type=\"heading.default\">\n\t\t\t\t<div class=\"elementor-widget-container\">\n\t\t\t\t\t<div class=\"elementor-heading-title elementor-size-default\">Nuestra agencia se especializa en dise\u00f1o de marca, ayudando a las empresas a establecer una identidad visual s\u00f3lida y memorable. Entendemos la importancia de una marca bien dise\u00f1ada para el \u00e9xito de cualquier negocio, y nuestro equipo de profesionales creativos est\u00e1 listo para ayudarte a crear la imagen perfecta para tu empresa.\n\n<br><br>\n\nNuestro servicio de dise\u00f1o de marca incluye el dise\u00f1o de logotipos, que es uno de los aspectos m\u00e1s fundamentales de la identidad de tu empresa. Creamos logotipos \u00fanicos y atractivos que reflejan la personalidad y los valores de tu negocio, ayud\u00e1ndote a destacarte en el mercado.\n\n<br><br>\n\nAdem\u00e1s, ofrecemos dise\u00f1o de papeler\u00eda corporativa, que incluye tarjetas de presentaci\u00f3n, membretes, sobres, carpetas y otros materiales impresos que reflejan la imagen de tu marca. Estos elementos son cruciales para mantener una imagen profesional y coherente en todas tus comunicaciones empresariales.<\/div>\t\t\t\t<\/div>\n\t\t\t\t<\/div>\n\t\t\t\t\t<\/div>\n\t\t<\/div>\n\t\t\t\t<div class=\"elementor-column elementor-col-50 elementor-top-column elementor-element elementor-element-6bd3e8b\" data-id=\"6bd3e8b\" data-element_type=\"column\" data-e-type=\"column\">\n\t\t\t<div class=\"elementor-widget-wrap elementor-element-populated\">\n\t\t\t\t\t\t<div class=\"elementor-element elementor-element-a1f985c elementor-widget elementor-widget-image\" data-id=\"a1f985c\" data-element_type=\"widget\" data-e-type=\"widget\" data-widget_type=\"image.default\">\n\t\t\t\t<div class=\"elementor-widget-container\">\n\t\t\t\t\t\t\t\t\t\t\t\t\t\t\t<img decoding=\"async\" width=\"768\" height=\"463\" src=\"https:\/\/www.morfomercadeodigital.com\/wp-content\/uploads\/2023\/03\/Diseno-de-marca-2-768x463.png\" class=\"attachment-medium_large size-medium_large wp-image-1610\" alt=\"\" srcset=\"https:\/\/www.morfomercadeodigital.com\/wp-content\/uploads\/2023\/03\/Diseno-de-marca-2-768x463.png 768w, https:\/\/www.morfomercadeodigital.com\/wp-content\/uploads\/2023\/03\/Diseno-de-marca-2-300x181.png 300w, https:\/\/www.morfomercadeodigital.com\/wp-content\/uploads\/2023\/03\/Diseno-de-marca-2.png 830w\" sizes=\"(max-width: 768px) 100vw, 768px\" \/>\t\t\t\t\t\t\t\t\t\t\t\t\t\t\t<\/div>\n\t\t\t\t<\/div>\n\t\t\t\t<div class=\"elementor-element elementor-element-de433c9 elementor-view-stacked elementor-position-inline-start elementor-shape-circle elementor-mobile-position-block-start elementor-widget elementor-widget-icon-box\" data-id=\"de433c9\" data-element_type=\"widget\" data-e-type=\"widget\" data-widget_type=\"icon-box.default\">\n\t\t\t\t<div class=\"elementor-widget-container\">\n\t\t\t\t\t\t\t<div class=\"elementor-icon-box-wrapper\">\n\n\t\t\t\t\t\t<div class=\"elementor-icon-box-icon\">\n\t\t\t\t<span  class=\"elementor-icon\">\n\t\t\t\t<i aria-hidden=\"true\" class=\"fas fa-star\"><\/i>\t\t\t\t<\/span>\n\t\t\t<\/div>\n\t\t\t\n\t\t\t\t\t\t<div class=\"elementor-icon-box-content\">\n\n\t\t\t\t\t\t\t\t\t<h3 class=\"elementor-icon-box-title\">\n\t\t\t\t\t\t<span  >\n\t\t\t\t\t\t\tCalidad garantizada \t\t\t\t\t\t<\/span>\n\t\t\t\t\t<\/h3>\n\t\t\t\t\n\t\t\t\t\t\t\t\t\t<p class=\"elementor-icon-box-description\">\n\t\t\t\t\t\tEntendemos la importancia de una marca bien dise\u00f1ada para el \u00e9xito de cualquier negocio.\t\t\t\t\t<\/p>\n\t\t\t\t\n\t\t\t<\/div>\n\t\t\t\n\t\t<\/div>\n\t\t\t\t\t\t<\/div>\n\t\t\t\t<\/div>\n\t\t\t\t\t<\/div>\n\t\t<\/div>\n\t\t\t\t\t<\/div>\n\t\t<\/section>\n\t\t\t\t<section class=\"elementor-section elementor-top-section elementor-element elementor-element-daa55c2 elementor-section-boxed elementor-section-height-default elementor-section-height-default\" data-id=\"daa55c2\" data-element_type=\"section\" data-e-type=\"section\">\n\t\t\t\t\t\t<div class=\"elementor-container elementor-column-gap-default\">\n\t\t\t\t\t<div class=\"elementor-column elementor-col-50 elementor-top-column elementor-element elementor-element-ec3e26c\" data-id=\"ec3e26c\" data-element_type=\"column\" data-e-type=\"column\">\n\t\t\t<div class=\"elementor-widget-wrap elementor-element-populated\">\n\t\t\t\t\t\t<div class=\"elementor-element elementor-element-31adc41 elementor-widget elementor-widget-image\" data-id=\"31adc41\" data-element_type=\"widget\" data-e-type=\"widget\" data-widget_type=\"image.default\">\n\t\t\t\t<div class=\"elementor-widget-container\">\n\t\t\t\t\t\t\t\t\t\t\t\t\t\t\t<img decoding=\"async\" width=\"768\" height=\"463\" src=\"https:\/\/www.morfomercadeodigital.com\/wp-content\/uploads\/2023\/03\/Diseno-de-marca-3-768x463.png\" class=\"attachment-medium_large size-medium_large wp-image-1611\" alt=\"\" srcset=\"https:\/\/www.morfomercadeodigital.com\/wp-content\/uploads\/2023\/03\/Diseno-de-marca-3-768x463.png 768w, https:\/\/www.morfomercadeodigital.com\/wp-content\/uploads\/2023\/03\/Diseno-de-marca-3-300x181.png 300w, https:\/\/www.morfomercadeodigital.com\/wp-content\/uploads\/2023\/03\/Diseno-de-marca-3.png 830w\" sizes=\"(max-width: 768px) 100vw, 768px\" \/>\t\t\t\t\t\t\t\t\t\t\t\t\t\t\t<\/div>\n\t\t\t\t<\/div>\n\t\t\t\t<div class=\"elementor-element elementor-element-7781b75 elementor-view-stacked elementor-position-inline-start elementor-shape-circle elementor-mobile-position-block-start elementor-widget elementor-widget-icon-box\" data-id=\"7781b75\" data-element_type=\"widget\" data-e-type=\"widget\" data-widget_type=\"icon-box.default\">\n\t\t\t\t<div class=\"elementor-widget-container\">\n\t\t\t\t\t\t\t<div class=\"elementor-icon-box-wrapper\">\n\n\t\t\t\t\t\t<div class=\"elementor-icon-box-icon\">\n\t\t\t\t<span  class=\"elementor-icon\">\n\t\t\t\t<i aria-hidden=\"true\" class=\"fas fa-star\"><\/i>\t\t\t\t<\/span>\n\t\t\t<\/div>\n\t\t\t\n\t\t\t\t\t\t<div class=\"elementor-icon-box-content\">\n\n\t\t\t\t\t\t\t\t\t<h3 class=\"elementor-icon-box-title\">\n\t\t\t\t\t\t<span  >\n\t\t\t\t\t\t\tMarketing digital\t\t\t\t\t\t<\/span>\n\t\t\t\t\t<\/h3>\n\t\t\t\t\n\t\t\t\t\t\t\t\t\t<p class=\"elementor-icon-box-description\">\n\t\t\t\t\t\tSi est\u00e1s buscando una agencia de marketing digital en Colombia que pueda ayudarte a crear una marca s\u00f3lida y atractiva, Morfo Mercadeo Digital es la elecci\u00f3n perfecta\t\t\t\t\t<\/p>\n\t\t\t\t\n\t\t\t<\/div>\n\t\t\t\n\t\t<\/div>\n\t\t\t\t\t\t<\/div>\n\t\t\t\t<\/div>\n\t\t\t\t\t<\/div>\n\t\t<\/div>\n\t\t\t\t<div class=\"elementor-column elementor-col-50 elementor-top-column elementor-element elementor-element-e5f6ce9\" data-id=\"e5f6ce9\" data-element_type=\"column\" data-e-type=\"column\">\n\t\t\t<div class=\"elementor-widget-wrap elementor-element-populated\">\n\t\t\t\t\t\t<div class=\"elementor-element elementor-element-4273c4f elementor-widget elementor-widget-heading\" data-id=\"4273c4f\" data-element_type=\"widget\" data-e-type=\"widget\" data-widget_type=\"heading.default\">\n\t\t\t\t<div class=\"elementor-widget-container\">\n\t\t\t\t\t<h3 class=\"elementor-heading-title elementor-size-default\">Manual de Marca<\/h3>\t\t\t\t<\/div>\n\t\t\t\t<\/div>\n\t\t\t\t<div class=\"elementor-element elementor-element-45d96fc elementor-widget elementor-widget-heading\" data-id=\"45d96fc\" data-element_type=\"widget\" data-e-type=\"widget\" data-widget_type=\"heading.default\">\n\t\t\t\t<div class=\"elementor-widget-container\">\n\t\t\t\t\t<div class=\"elementor-heading-title elementor-size-default\">Por \u00faltimo, como parte de nuestro servicio de dise\u00f1o de marca, desarrollamos el manual de marca, que es una gu\u00eda detallada que establece las pautas para el uso correcto de los elementos visuales de tu marca. Este manual es una herramienta invaluable para garantizar la coherencia y consistencia de tu marca en todas las plataformas y medios.\n\n<br><br>\n\nSi est\u00e1s buscando una agencia de marketing digital en Colombia que pueda ayudarte a crear una marca s\u00f3lida y atractiva, Morfo Mercadeo Digital es la elecci\u00f3n perfecta. Cont\u00e1ctanos hoy para obtener m\u00e1s informaci\u00f3n sobre c\u00f3mo podemos ayudarte a dise\u00f1ar la marca ideal para tu negocio y posicionarte para el \u00e9xito.\n<\/div>\t\t\t\t<\/div>\n\t\t\t\t<\/div>\n\t\t\t\t\t<\/div>\n\t\t<\/div>\n\t\t\t\t\t<\/div>\n\t\t<\/section>\n\t\t\t\t<\/div>\n\t\t","protected":false},"excerpt":{"rendered":"<p>Dise\u00f1o de marca Dise\u00f1o de marca Nuestra agencia se especializa en dise\u00f1o de marca, ayudando a las empresas a establecer una identidad visual s\u00f3lida y memorable. Entendemos la importancia de una marca bien dise\u00f1ada para el \u00e9xito de cualquier negocio, y nuestro equipo de profesionales creativos est\u00e1 listo para ayudarte a crear la imagen perfecta [&hellip;]<\/p>\n","protected":false},"author":1,"featured_media":0,"parent":0,"menu_order":0,"comment_status":"closed","ping_status":"closed","template":"","meta":{"site-sidebar-layout":"no-sidebar","site-content-layout":"page-builder","ast-site-content-layout":"default","site-content-style":"default","site-sidebar-style":"default","ast-global-header-display":"","ast-banner-title-visibility":"","ast-main-header-display":"","ast-hfb-above-header-display":"","ast-hfb-below-header-display":"","ast-hfb-mobile-header-display":"","site-post-title":"disabled","ast-breadcrumbs-content":"","ast-featured-img":"disabled","footer-sml-layout":"","theme-transparent-header-meta":"enabled","adv-header-id-meta":"","stick-header-meta":"","header-above-stick-meta":"","header-main-stick-meta":"","header-below-stick-meta":"","astra-migrate-meta-layouts":"default","ast-page-background-enabled":"default","ast-page-background-meta":{"desktop":{"background-color":"","background-image":"","background-repeat":"repeat","background-position":"center center","background-size":"auto","background-attachment":"scroll","background-type":"","background-media":"","overlay-type":"","overlay-color":"","overlay-opacity":"","overlay-gradient":""},"tablet":{"background-color":"","background-image":"","background-repeat":"repeat","background-position":"center center","background-size":"auto","background-attachment":"scroll","background-type":"","background-media":"","overlay-type":"","overlay-color":"","overlay-opacity":"","overlay-gradient":""},"mobile":{"background-color":"","background-image":"","background-repeat":"repeat","background-position":"center center","background-size":"auto","background-attachment":"scroll","background-type":"","background-media":"","overlay-type":"","overlay-color":"","overlay-opacity":"","overlay-gradient":""}},"ast-content-background-meta":{"desktop":{"background-color":"var(--ast-global-color-5)","background-image":"","background-repeat":"repeat","background-position":"center center","background-size":"auto","background-attachment":"scroll","background-type":"","background-media":"","overlay-type":"","overlay-color":"","overlay-opacity":"","overlay-gradient":""},"tablet":{"background-color":"var(--ast-global-color-5)","background-image":"","background-repeat":"repeat","background-position":"center center","background-size":"auto","background-attachment":"scroll","background-type":"","background-media":"","overlay-type":"","overlay-color":"","overlay-opacity":"","overlay-gradient":""},"mobile":{"background-color":"var(--ast-global-color-5)","background-image":"","background-repeat":"repeat","background-position":"center center","background-size":"auto","background-attachment":"scroll","background-type":"","background-media":"","overlay-type":"","overlay-color":"","overlay-opacity":"","overlay-gradient":""}},"footnotes":""},"class_list":["post-1599","page","type-page","status-publish","hentry"],"yoast_head":"<!-- This site is optimized with the Yoast SEO plugin v27.2 - https:\/\/yoast.com\/product\/yoast-seo-wordpress\/ -->\n<title>Dise\u00f1o de marca - Morfo<\/title>\n<meta name=\"robots\" content=\"index, follow, max-snippet:-1, max-image-preview:large, max-video-preview:-1\" \/>\n<link rel=\"canonical\" href=\"https:\/\/www.morfomercadeodigital.com\/morfo\/diseno-de-marca\/\" \/>\n<meta property=\"og:locale\" content=\"es_ES\" \/>\n<meta property=\"og:type\" content=\"article\" \/>\n<meta property=\"og:title\" content=\"Dise\u00f1o de marca - Morfo\" \/>\n<meta property=\"og:description\" content=\"Dise\u00f1o de marca Dise\u00f1o de marca Nuestra agencia se especializa en dise\u00f1o de marca, ayudando a las empresas a establecer una identidad visual s\u00f3lida y memorable. Entendemos la importancia de una marca bien dise\u00f1ada para el \u00e9xito de cualquier negocio, y nuestro equipo de profesionales creativos est\u00e1 listo para ayudarte a crear la imagen perfecta [&hellip;]\" \/>\n<meta property=\"og:url\" content=\"https:\/\/www.morfomercadeodigital.com\/morfo\/diseno-de-marca\/\" \/>\n<meta property=\"og:site_name\" content=\"Morfo\" \/>\n<meta property=\"article:modified_time\" content=\"2023-05-08T19:49:16+00:00\" \/>\n<meta property=\"og:image\" content=\"https:\/\/www.morfomercadeodigital.com\/wp-content\/uploads\/2023\/03\/Diseno-de-marca.png\" \/>\n<meta name=\"twitter:card\" content=\"summary_large_image\" \/>\n<meta name=\"twitter:label1\" content=\"Tiempo de lectura\" \/>\n\t<meta name=\"twitter:data1\" content=\"2 minutos\" \/>\n<script type=\"application\/ld+json\" class=\"yoast-schema-graph\">{\"@context\":\"https:\/\/schema.org\",\"@graph\":[{\"@type\":\"WebPage\",\"@id\":\"https:\/\/www.morfomercadeodigital.com\/morfo\/diseno-de-marca\/\",\"url\":\"https:\/\/www.morfomercadeodigital.com\/morfo\/diseno-de-marca\/\",\"name\":\"Dise\u00f1o de marca - Morfo\",\"isPartOf\":{\"@id\":\"https:\/\/www.morfomercadeodigital.com\/morfo\/#website\"},\"primaryImageOfPage\":{\"@id\":\"https:\/\/www.morfomercadeodigital.com\/morfo\/diseno-de-marca\/#primaryimage\"},\"image\":{\"@id\":\"https:\/\/www.morfomercadeodigital.com\/morfo\/diseno-de-marca\/#primaryimage\"},\"thumbnailUrl\":\"https:\/\/www.morfomercadeodigital.com\/wp-content\/uploads\/2023\/03\/Diseno-de-marca.png\",\"datePublished\":\"2023-03-15T15:38:55+00:00\",\"dateModified\":\"2023-05-08T19:49:16+00:00\",\"breadcrumb\":{\"@id\":\"https:\/\/www.morfomercadeodigital.com\/morfo\/diseno-de-marca\/#breadcrumb\"},\"inLanguage\":\"es\",\"potentialAction\":[{\"@type\":\"ReadAction\",\"target\":[\"https:\/\/www.morfomercadeodigital.com\/morfo\/diseno-de-marca\/\"]}]},{\"@type\":\"ImageObject\",\"inLanguage\":\"es\",\"@id\":\"https:\/\/www.morfomercadeodigital.com\/morfo\/diseno-de-marca\/#primaryimage\",\"url\":\"https:\/\/www.morfomercadeodigital.com\/wp-content\/uploads\/2023\/03\/Diseno-de-marca.png\",\"contentUrl\":\"https:\/\/www.morfomercadeodigital.com\/wp-content\/uploads\/2023\/03\/Diseno-de-marca.png\"},{\"@type\":\"BreadcrumbList\",\"@id\":\"https:\/\/www.morfomercadeodigital.com\/morfo\/diseno-de-marca\/#breadcrumb\",\"itemListElement\":[{\"@type\":\"ListItem\",\"position\":1,\"name\":\"Inicio\",\"item\":\"https:\/\/www.morfomercadeodigital.com\/morfo\/\"},{\"@type\":\"ListItem\",\"position\":2,\"name\":\"Dise\u00f1o de marca\"}]},{\"@type\":\"WebSite\",\"@id\":\"https:\/\/www.morfomercadeodigital.com\/morfo\/#website\",\"url\":\"https:\/\/www.morfomercadeodigital.com\/morfo\/\",\"name\":\"Morfo\",\"description\":\"Sitio oficial de Morfo Mercadeo Digital\",\"publisher\":{\"@id\":\"https:\/\/www.morfomercadeodigital.com\/morfo\/#organization\"},\"potentialAction\":[{\"@type\":\"SearchAction\",\"target\":{\"@type\":\"EntryPoint\",\"urlTemplate\":\"https:\/\/www.morfomercadeodigital.com\/morfo\/?s={search_term_string}\"},\"query-input\":{\"@type\":\"PropertyValueSpecification\",\"valueRequired\":true,\"valueName\":\"search_term_string\"}}],\"inLanguage\":\"es\"},{\"@type\":\"Organization\",\"@id\":\"https:\/\/www.morfomercadeodigital.com\/morfo\/#organization\",\"name\":\"Morfo\",\"url\":\"https:\/\/www.morfomercadeodigital.com\/morfo\/\",\"logo\":{\"@type\":\"ImageObject\",\"inLanguage\":\"es\",\"@id\":\"https:\/\/www.morfomercadeodigital.com\/morfo\/#\/schema\/logo\/image\/\",\"url\":\"https:\/\/www.morfomercadeodigital.com\/wp-content\/uploads\/2023\/02\/cropped-logo-1.png\",\"contentUrl\":\"https:\/\/www.morfomercadeodigital.com\/wp-content\/uploads\/2023\/02\/cropped-logo-1.png\",\"width\":286,\"height\":114,\"caption\":\"Morfo\"},\"image\":{\"@id\":\"https:\/\/www.morfomercadeodigital.com\/morfo\/#\/schema\/logo\/image\/\"}}]}<\/script>\n<!-- \/ Yoast SEO plugin. -->","yoast_head_json":{"title":"Dise\u00f1o de marca - Morfo","robots":{"index":"index","follow":"follow","max-snippet":"max-snippet:-1","max-image-preview":"max-image-preview:large","max-video-preview":"max-video-preview:-1"},"canonical":"https:\/\/www.morfomercadeodigital.com\/morfo\/diseno-de-marca\/","og_locale":"es_ES","og_type":"article","og_title":"Dise\u00f1o de marca - Morfo","og_description":"Dise\u00f1o de marca Dise\u00f1o de marca Nuestra agencia se especializa en dise\u00f1o de marca, ayudando a las empresas a establecer una identidad visual s\u00f3lida y memorable. Entendemos la importancia de una marca bien dise\u00f1ada para el \u00e9xito de cualquier negocio, y nuestro equipo de profesionales creativos est\u00e1 listo para ayudarte a crear la imagen perfecta [&hellip;]","og_url":"https:\/\/www.morfomercadeodigital.com\/morfo\/diseno-de-marca\/","og_site_name":"Morfo","article_modified_time":"2023-05-08T19:49:16+00:00","og_image":[{"url":"https:\/\/www.morfomercadeodigital.com\/wp-content\/uploads\/2023\/03\/Diseno-de-marca.png","type":"","width":"","height":""}],"twitter_card":"summary_large_image","twitter_misc":{"Tiempo de lectura":"2 minutos"},"schema":{"@context":"https:\/\/schema.org","@graph":[{"@type":"WebPage","@id":"https:\/\/www.morfomercadeodigital.com\/morfo\/diseno-de-marca\/","url":"https:\/\/www.morfomercadeodigital.com\/morfo\/diseno-de-marca\/","name":"Dise\u00f1o de marca - Morfo","isPartOf":{"@id":"https:\/\/www.morfomercadeodigital.com\/morfo\/#website"},"primaryImageOfPage":{"@id":"https:\/\/www.morfomercadeodigital.com\/morfo\/diseno-de-marca\/#primaryimage"},"image":{"@id":"https:\/\/www.morfomercadeodigital.com\/morfo\/diseno-de-marca\/#primaryimage"},"thumbnailUrl":"https:\/\/www.morfomercadeodigital.com\/wp-content\/uploads\/2023\/03\/Diseno-de-marca.png","datePublished":"2023-03-15T15:38:55+00:00","dateModified":"2023-05-08T19:49:16+00:00","breadcrumb":{"@id":"https:\/\/www.morfomercadeodigital.com\/morfo\/diseno-de-marca\/#breadcrumb"},"inLanguage":"es","potentialAction":[{"@type":"ReadAction","target":["https:\/\/www.morfomercadeodigital.com\/morfo\/diseno-de-marca\/"]}]},{"@type":"ImageObject","inLanguage":"es","@id":"https:\/\/www.morfomercadeodigital.com\/morfo\/diseno-de-marca\/#primaryimage","url":"https:\/\/www.morfomercadeodigital.com\/wp-content\/uploads\/2023\/03\/Diseno-de-marca.png","contentUrl":"https:\/\/www.morfomercadeodigital.com\/wp-content\/uploads\/2023\/03\/Diseno-de-marca.png"},{"@type":"BreadcrumbList","@id":"https:\/\/www.morfomercadeodigital.com\/morfo\/diseno-de-marca\/#breadcrumb","itemListElement":[{"@type":"ListItem","position":1,"name":"Inicio","item":"https:\/\/www.morfomercadeodigital.com\/morfo\/"},{"@type":"ListItem","position":2,"name":"Dise\u00f1o de marca"}]},{"@type":"WebSite","@id":"https:\/\/www.morfomercadeodigital.com\/morfo\/#website","url":"https:\/\/www.morfomercadeodigital.com\/morfo\/","name":"Morfo","description":"Sitio oficial de Morfo Mercadeo Digital","publisher":{"@id":"https:\/\/www.morfomercadeodigital.com\/morfo\/#organization"},"potentialAction":[{"@type":"SearchAction","target":{"@type":"EntryPoint","urlTemplate":"https:\/\/www.morfomercadeodigital.com\/morfo\/?s={search_term_string}"},"query-input":{"@type":"PropertyValueSpecification","valueRequired":true,"valueName":"search_term_string"}}],"inLanguage":"es"},{"@type":"Organization","@id":"https:\/\/www.morfomercadeodigital.com\/morfo\/#organization","name":"Morfo","url":"https:\/\/www.morfomercadeodigital.com\/morfo\/","logo":{"@type":"ImageObject","inLanguage":"es","@id":"https:\/\/www.morfomercadeodigital.com\/morfo\/#\/schema\/logo\/image\/","url":"https:\/\/www.morfomercadeodigital.com\/wp-content\/uploads\/2023\/02\/cropped-logo-1.png","contentUrl":"https:\/\/www.morfomercadeodigital.com\/wp-content\/uploads\/2023\/02\/cropped-logo-1.png","width":286,"height":114,"caption":"Morfo"},"image":{"@id":"https:\/\/www.morfomercadeodigital.com\/morfo\/#\/schema\/logo\/image\/"}}]}},"_links":{"self":[{"href":"https:\/\/www.morfomercadeodigital.com\/morfo\/wp-json\/wp\/v2\/pages\/1599","targetHints":{"allow":["GET"]}}],"collection":[{"href":"https:\/\/www.morfomercadeodigital.com\/morfo\/wp-json\/wp\/v2\/pages"}],"about":[{"href":"https:\/\/www.morfomercadeodigital.com\/morfo\/wp-json\/wp\/v2\/types\/page"}],"author":[{"embeddable":true,"href":"https:\/\/www.morfomercadeodigital.com\/morfo\/wp-json\/wp\/v2\/users\/1"}],"replies":[{"embeddable":true,"href":"https:\/\/www.morfomercadeodigital.com\/morfo\/wp-json\/wp\/v2\/comments?post=1599"}],"version-history":[{"count":0,"href":"https:\/\/www.morfomercadeodigital.com\/morfo\/wp-json\/wp\/v2\/pages\/1599\/revisions"}],"wp:attachment":[{"href":"https:\/\/www.morfomercadeodigital.com\/morfo\/wp-json\/wp\/v2\/media?parent=1599"}],"curies":[{"name":"wp","href":"https:\/\/api.w.org\/{rel}","templated":true}]}}