{"id":886,"date":"2018-10-26T02:10:26","date_gmt":"2018-10-26T02:10:26","guid":{"rendered":"http:\/\/www.morfomercadeodigital.com\/morfo\/?page_id=886"},"modified":"2018-10-26T02:10:26","modified_gmt":"2018-10-26T02:10:26","slug":"cookies","status":"publish","type":"page","link":"https:\/\/www.morfomercadeodigital.com\/morfo\/cookies\/","title":{"rendered":"cookies"},"content":{"rendered":"<p>Este sitio usa cookies: peque\u00f1os archivos de texto que se ponen en tu PC para ayudar a que el sitio de una mejor experiencia de usuario. En t\u00e9rminos generales, las cookies se usan para captar las preferencias del usuario, guardar informaci\u00f3n para temas como canastas de compras y enviar informaci\u00f3n de seguimiento an\u00f3nimos a aplicaciones de terceros como Google Analytics. Como ley general, las cookies mejorar\u00e1n tu experiencia de navegaci\u00f3n. Sin embargo, es posible que decidas inhabilitar las cookies en este sitio y en otros mas. La forma m\u00e1s eficiente de lograrlo es inhabilitar las cookies en tu navegador. Sugerimos leer la secci\u00f3n de Ayuda de su navegador o dar un vistazo al sitio web <a href=\"https:\/\/www.aboutcookies.org\/\" target=\"_blank\" rel=\"noopener\">Acerca de las cookies<\/a>, que te puede dar una gu\u00eda para todos los navegadores modernos.<\/p>\n","protected":false},"excerpt":{"rendered":"<p>Este sitio usa cookies: peque\u00f1os archivos de texto que se ponen en tu PC para ayudar a que el sitio de una mejor experiencia de usuario. En t\u00e9rminos generales, las cookies se usan para captar las preferencias del usuario, guardar informaci\u00f3n para temas como canastas de compras y enviar informaci\u00f3n de seguimiento an\u00f3nimos a aplicaciones [&hellip;]<\/p>\n","protected":false},"author":1,"featured_media":0,"parent":0,"menu_order":0,"comment_status":"closed","ping_status":"closed","template":"","meta":{"site-sidebar-layout":"default","site-content-layout":"","ast-site-content-layout":"default","site-content-style":"default","site-sidebar-style":"default","ast-global-header-display":"","ast-banner-title-visibility":"","ast-main-header-display":"","ast-hfb-above-header-display":"","ast-hfb-below-header-display":"","ast-hfb-mobile-header-display":"","site-post-title":"","ast-breadcrumbs-content":"","ast-featured-img":"","footer-sml-layout":"","theme-transparent-header-meta":"","adv-header-id-meta":"","stick-header-meta":"","header-above-stick-meta":"","header-main-stick-meta":"","header-below-stick-meta":"","astra-migrate-meta-layouts":"default","ast-page-background-enabled":"default","ast-page-background-meta":{"desktop":{"background-color":"","background-image":"","background-repeat":"repeat","background-position":"center center","background-size":"auto","background-attachment":"scroll","background-type":"","background-media":"","overlay-type":"","overlay-color":"","overlay-opacity":"","overlay-gradient":""},"tablet":{"background-color":"","background-image":"","background-repeat":"repeat","background-position":"center center","background-size":"auto","background-attachment":"scroll","background-type":"","background-media":"","overlay-type":"","overlay-color":"","overlay-opacity":"","overlay-gradient":""},"mobile":{"background-color":"","background-image":"","background-repeat":"repeat","background-position":"center center","background-size":"auto","background-attachment":"scroll","background-type":"","background-media":"","overlay-type":"","overlay-color":"","overlay-opacity":"","overlay-gradient":""}},"ast-content-background-meta":{"desktop":{"background-color":"var(--ast-global-color-5)","background-image":"","background-repeat":"repeat","background-position":"center center","background-size":"auto","background-attachment":"scroll","background-type":"","background-media":"","overlay-type":"","overlay-color":"","overlay-opacity":"","overlay-gradient":""},"tablet":{"background-color":"var(--ast-global-color-5)","background-image":"","background-repeat":"repeat","background-position":"center center","background-size":"auto","background-attachment":"scroll","background-type":"","background-media":"","overlay-type":"","overlay-color":"","overlay-opacity":"","overlay-gradient":""},"mobile":{"background-color":"var(--ast-global-color-5)","background-image":"","background-repeat":"repeat","background-position":"center center","background-size":"auto","background-attachment":"scroll","background-type":"","background-media":"","overlay-type":"","overlay-color":"","overlay-opacity":"","overlay-gradient":""}},"footnotes":""},"class_list":["post-886","page","type-page","status-publish","hentry"],"yoast_head":"<!-- This site is optimized with the Yoast SEO plugin v27.4 - https:\/\/yoast.com\/product\/yoast-seo-wordpress\/ -->\n<title>cookies - Morfo<\/title>\n<meta name=\"robots\" content=\"index, follow, max-snippet:-1, max-image-preview:large, max-video-preview:-1\" \/>\n<link rel=\"canonical\" href=\"https:\/\/www.morfomercadeodigital.com\/morfo\/cookies\/\" \/>\n<meta property=\"og:locale\" content=\"es_ES\" \/>\n<meta property=\"og:type\" content=\"article\" \/>\n<meta property=\"og:title\" content=\"cookies - Morfo\" \/>\n<meta property=\"og:description\" content=\"Este sitio usa cookies: peque\u00f1os archivos de texto que se ponen en tu PC para ayudar a que el sitio de una mejor experiencia de usuario. En t\u00e9rminos generales, las cookies se usan para captar las preferencias del usuario, guardar informaci\u00f3n para temas como canastas de compras y enviar informaci\u00f3n de seguimiento an\u00f3nimos a aplicaciones [&hellip;]\" \/>\n<meta property=\"og:url\" content=\"https:\/\/www.morfomercadeodigital.com\/morfo\/cookies\/\" \/>\n<meta property=\"og:site_name\" content=\"Morfo\" \/>\n<meta name=\"twitter:card\" content=\"summary_large_image\" \/>\n<meta name=\"twitter:label1\" content=\"Tiempo de lectura\" \/>\n\t<meta name=\"twitter:data1\" content=\"1 minuto\" \/>\n<script type=\"application\/ld+json\" class=\"yoast-schema-graph\">{\"@context\":\"https:\\\/\\\/schema.org\",\"@graph\":[{\"@type\":\"WebPage\",\"@id\":\"https:\\\/\\\/www.morfomercadeodigital.com\\\/morfo\\\/cookies\\\/\",\"url\":\"https:\\\/\\\/www.morfomercadeodigital.com\\\/morfo\\\/cookies\\\/\",\"name\":\"cookies - Morfo\",\"isPartOf\":{\"@id\":\"https:\\\/\\\/www.morfomercadeodigital.com\\\/morfo\\\/#website\"},\"datePublished\":\"2018-10-26T02:10:26+00:00\",\"breadcrumb\":{\"@id\":\"https:\\\/\\\/www.morfomercadeodigital.com\\\/morfo\\\/cookies\\\/#breadcrumb\"},\"inLanguage\":\"es\",\"potentialAction\":[{\"@type\":\"ReadAction\",\"target\":[\"https:\\\/\\\/www.morfomercadeodigital.com\\\/morfo\\\/cookies\\\/\"]}]},{\"@type\":\"BreadcrumbList\",\"@id\":\"https:\\\/\\\/www.morfomercadeodigital.com\\\/morfo\\\/cookies\\\/#breadcrumb\",\"itemListElement\":[{\"@type\":\"ListItem\",\"position\":1,\"name\":\"Inicio\",\"item\":\"https:\\\/\\\/www.morfomercadeodigital.com\\\/morfo\\\/\"},{\"@type\":\"ListItem\",\"position\":2,\"name\":\"cookies\"}]},{\"@type\":\"WebSite\",\"@id\":\"https:\\\/\\\/www.morfomercadeodigital.com\\\/morfo\\\/#website\",\"url\":\"https:\\\/\\\/www.morfomercadeodigital.com\\\/morfo\\\/\",\"name\":\"Morfo\",\"description\":\"Sitio oficial de Morfo Mercadeo Digital\",\"publisher\":{\"@id\":\"https:\\\/\\\/www.morfomercadeodigital.com\\\/morfo\\\/#organization\"},\"potentialAction\":[{\"@type\":\"SearchAction\",\"target\":{\"@type\":\"EntryPoint\",\"urlTemplate\":\"https:\\\/\\\/www.morfomercadeodigital.com\\\/morfo\\\/?s={search_term_string}\"},\"query-input\":{\"@type\":\"PropertyValueSpecification\",\"valueRequired\":true,\"valueName\":\"search_term_string\"}}],\"inLanguage\":\"es\"},{\"@type\":\"Organization\",\"@id\":\"https:\\\/\\\/www.morfomercadeodigital.com\\\/morfo\\\/#organization\",\"name\":\"Morfo\",\"url\":\"https:\\\/\\\/www.morfomercadeodigital.com\\\/morfo\\\/\",\"logo\":{\"@type\":\"ImageObject\",\"inLanguage\":\"es\",\"@id\":\"https:\\\/\\\/www.morfomercadeodigital.com\\\/morfo\\\/#\\\/schema\\\/logo\\\/image\\\/\",\"url\":\"https:\\\/\\\/www.morfomercadeodigital.com\\\/wp-content\\\/uploads\\\/2023\\\/02\\\/cropped-logo-1.png\",\"contentUrl\":\"https:\\\/\\\/www.morfomercadeodigital.com\\\/wp-content\\\/uploads\\\/2023\\\/02\\\/cropped-logo-1.png\",\"width\":286,\"height\":114,\"caption\":\"Morfo\"},\"image\":{\"@id\":\"https:\\\/\\\/www.morfomercadeodigital.com\\\/morfo\\\/#\\\/schema\\\/logo\\\/image\\\/\"}}]}<\/script>\n<!-- \/ Yoast SEO plugin. -->","yoast_head_json":{"title":"cookies - Morfo","robots":{"index":"index","follow":"follow","max-snippet":"max-snippet:-1","max-image-preview":"max-image-preview:large","max-video-preview":"max-video-preview:-1"},"canonical":"https:\/\/www.morfomercadeodigital.com\/morfo\/cookies\/","og_locale":"es_ES","og_type":"article","og_title":"cookies - Morfo","og_description":"Este sitio usa cookies: peque\u00f1os archivos de texto que se ponen en tu PC para ayudar a que el sitio de una mejor experiencia de usuario. En t\u00e9rminos generales, las cookies se usan para captar las preferencias del usuario, guardar informaci\u00f3n para temas como canastas de compras y enviar informaci\u00f3n de seguimiento an\u00f3nimos a aplicaciones [&hellip;]","og_url":"https:\/\/www.morfomercadeodigital.com\/morfo\/cookies\/","og_site_name":"Morfo","twitter_card":"summary_large_image","twitter_misc":{"Tiempo de lectura":"1 minuto"},"schema":{"@context":"https:\/\/schema.org","@graph":[{"@type":"WebPage","@id":"https:\/\/www.morfomercadeodigital.com\/morfo\/cookies\/","url":"https:\/\/www.morfomercadeodigital.com\/morfo\/cookies\/","name":"cookies - Morfo","isPartOf":{"@id":"https:\/\/www.morfomercadeodigital.com\/morfo\/#website"},"datePublished":"2018-10-26T02:10:26+00:00","breadcrumb":{"@id":"https:\/\/www.morfomercadeodigital.com\/morfo\/cookies\/#breadcrumb"},"inLanguage":"es","potentialAction":[{"@type":"ReadAction","target":["https:\/\/www.morfomercadeodigital.com\/morfo\/cookies\/"]}]},{"@type":"BreadcrumbList","@id":"https:\/\/www.morfomercadeodigital.com\/morfo\/cookies\/#breadcrumb","itemListElement":[{"@type":"ListItem","position":1,"name":"Inicio","item":"https:\/\/www.morfomercadeodigital.com\/morfo\/"},{"@type":"ListItem","position":2,"name":"cookies"}]},{"@type":"WebSite","@id":"https:\/\/www.morfomercadeodigital.com\/morfo\/#website","url":"https:\/\/www.morfomercadeodigital.com\/morfo\/","name":"Morfo","description":"Sitio oficial de Morfo Mercadeo Digital","publisher":{"@id":"https:\/\/www.morfomercadeodigital.com\/morfo\/#organization"},"potentialAction":[{"@type":"SearchAction","target":{"@type":"EntryPoint","urlTemplate":"https:\/\/www.morfomercadeodigital.com\/morfo\/?s={search_term_string}"},"query-input":{"@type":"PropertyValueSpecification","valueRequired":true,"valueName":"search_term_string"}}],"inLanguage":"es"},{"@type":"Organization","@id":"https:\/\/www.morfomercadeodigital.com\/morfo\/#organization","name":"Morfo","url":"https:\/\/www.morfomercadeodigital.com\/morfo\/","logo":{"@type":"ImageObject","inLanguage":"es","@id":"https:\/\/www.morfomercadeodigital.com\/morfo\/#\/schema\/logo\/image\/","url":"https:\/\/www.morfomercadeodigital.com\/wp-content\/uploads\/2023\/02\/cropped-logo-1.png","contentUrl":"https:\/\/www.morfomercadeodigital.com\/wp-content\/uploads\/2023\/02\/cropped-logo-1.png","width":286,"height":114,"caption":"Morfo"},"image":{"@id":"https:\/\/www.morfomercadeodigital.com\/morfo\/#\/schema\/logo\/image\/"}}]}},"_links":{"self":[{"href":"https:\/\/www.morfomercadeodigital.com\/morfo\/wp-json\/wp\/v2\/pages\/886","targetHints":{"allow":["GET"]}}],"collection":[{"href":"https:\/\/www.morfomercadeodigital.com\/morfo\/wp-json\/wp\/v2\/pages"}],"about":[{"href":"https:\/\/www.morfomercadeodigital.com\/morfo\/wp-json\/wp\/v2\/types\/page"}],"author":[{"embeddable":true,"href":"https:\/\/www.morfomercadeodigital.com\/morfo\/wp-json\/wp\/v2\/users\/1"}],"replies":[{"embeddable":true,"href":"https:\/\/www.morfomercadeodigital.com\/morfo\/wp-json\/wp\/v2\/comments?post=886"}],"version-history":[{"count":0,"href":"https:\/\/www.morfomercadeodigital.com\/morfo\/wp-json\/wp\/v2\/pages\/886\/revisions"}],"wp:attachment":[{"href":"https:\/\/www.morfomercadeodigital.com\/morfo\/wp-json\/wp\/v2\/media?parent=886"}],"curies":[{"name":"wp","href":"https:\/\/api.w.org\/{rel}","templated":true}]}}